{"id":3167,"date":"2017-07-11T16:11:28","date_gmt":"2017-07-11T14:11:28","guid":{"rendered":"https:\/\/www.ohsas.sk\/uvod\/"},"modified":"2023-09-27T14:17:48","modified_gmt":"2023-09-27T12:17:48","slug":"uvod","status":"publish","type":"page","link":"https:\/\/www.ohsas.sk\/en\/","title":{"rendered":"Home"},"content":{"rendered":"","protected":false},"excerpt":{"rendered":"","protected":false},"author":2,"featured_media":5919,"parent":0,"menu_order":0,"comment_status":"closed","ping_status":"closed","template":"index.php","meta":{"_acf_changed":false,"inline_featured_image":false,"footnotes":""},"class_list":["post-3167","page","type-page","status-publish","has-post-thumbnail","hentry"],"acf":[],"yoast_head":"<!-- This site is optimized with the Yoast SEO plugin v27.4 - https:\/\/yoast.com\/product\/yoast-seo-wordpress\/ -->\n<title>Slu\u017eby, \u0161kolenia, audit BOZP a OPP - OHSAS<\/title>\n<meta name=\"description\" content=\"Slu\u017eby v oblasti bezpe\u010dnosti a ochrany zdravia pri pr\u00e1ci, ochrany pred po\u017eiarmi a vzdel\u00e1vania.\" \/>\n<meta name=\"robots\" content=\"index, follow, max-snippet:-1, max-image-preview:large, max-video-preview:-1\" \/>\n<link rel=\"canonical\" href=\"https:\/\/www.ohsas.sk\/en\/\" \/>\n<meta property=\"og:locale\" content=\"en_US\" \/>\n<meta property=\"og:type\" content=\"article\" \/>\n<meta property=\"og:title\" content=\"Slu\u017eby, \u0161kolenia, audit BOZP a OPP - OHSAS\" \/>\n<meta property=\"og:description\" content=\"Slu\u017eby v oblasti bezpe\u010dnosti a ochrany zdravia pri pr\u00e1ci, ochrany pred po\u017eiarmi a vzdel\u00e1vania.\" \/>\n<meta property=\"og:url\" content=\"https:\/\/www.ohsas.sk\/en\/\" \/>\n<meta property=\"og:site_name\" content=\"OHSAS\" \/>\n<meta property=\"article:publisher\" content=\"https:\/\/www.facebook.com\/OHSAS-Ing-Lenka-P%c3%a9nze%c5%a1ov%c3%a1-%c5%a0vecov%c3%a1-516506368427752\/\" \/>\n<meta property=\"article:modified_time\" content=\"2023-09-27T12:17:48+00:00\" \/>\n<meta name=\"twitter:card\" content=\"summary_large_image\" \/>\n<script type=\"application\/ld+json\" class=\"yoast-schema-graph\">{\"@context\":\"https:\\\/\\\/schema.org\",\"@graph\":[{\"@type\":\"WebPage\",\"@id\":\"https:\\\/\\\/www.ohsas.sk\\\/en\\\/\",\"url\":\"https:\\\/\\\/www.ohsas.sk\\\/en\\\/\",\"name\":\"Slu\u017eby, \u0161kolenia, audit BOZP a OPP - OHSAS\",\"isPartOf\":{\"@id\":\"https:\\\/\\\/www.ohsas.sk\\\/#website\"},\"primaryImageOfPage\":{\"@id\":\"https:\\\/\\\/www.ohsas.sk\\\/en\\\/#primaryimage\"},\"image\":{\"@id\":\"https:\\\/\\\/www.ohsas.sk\\\/en\\\/#primaryimage\"},\"thumbnailUrl\":\"https:\\\/\\\/www.ohsas.sk\\\/wp-content\\\/uploads\\\/2025\\\/12\\\/POHLADNICA_01.png\",\"datePublished\":\"2017-07-11T14:11:28+00:00\",\"dateModified\":\"2023-09-27T12:17:48+00:00\",\"description\":\"Slu\u017eby v oblasti bezpe\u010dnosti a ochrany zdravia pri pr\u00e1ci, ochrany pred po\u017eiarmi a vzdel\u00e1vania.\",\"breadcrumb\":{\"@id\":\"https:\\\/\\\/www.ohsas.sk\\\/en\\\/#breadcrumb\"},\"inLanguage\":\"en-US\",\"potentialAction\":[{\"@type\":\"ReadAction\",\"target\":[\"https:\\\/\\\/www.ohsas.sk\\\/en\\\/\"]}]},{\"@type\":\"ImageObject\",\"inLanguage\":\"en-US\",\"@id\":\"https:\\\/\\\/www.ohsas.sk\\\/en\\\/#primaryimage\",\"url\":\"https:\\\/\\\/www.ohsas.sk\\\/wp-content\\\/uploads\\\/2025\\\/12\\\/POHLADNICA_01.png\",\"contentUrl\":\"https:\\\/\\\/www.ohsas.sk\\\/wp-content\\\/uploads\\\/2025\\\/12\\\/POHLADNICA_01.png\",\"width\":1240,\"height\":1748},{\"@type\":\"BreadcrumbList\",\"@id\":\"https:\\\/\\\/www.ohsas.sk\\\/en\\\/#breadcrumb\",\"itemListElement\":[{\"@type\":\"ListItem\",\"position\":1,\"name\":\"home\",\"item\":\"https:\\\/\\\/www.ohsas.sk\\\/en\\\/\"},{\"@type\":\"ListItem\",\"position\":2,\"name\":\"Home\"}]},{\"@type\":\"WebSite\",\"@id\":\"https:\\\/\\\/www.ohsas.sk\\\/#website\",\"url\":\"https:\\\/\\\/www.ohsas.sk\\\/\",\"name\":\"OHSAS\",\"description\":\"\u201eBOZP a po\u017eiarna ochrana \u2013 \u0161kolenia, rev\u00edzie a poradenstvo pre firmy\u201c\",\"potentialAction\":[{\"@type\":\"SearchAction\",\"target\":{\"@type\":\"EntryPoint\",\"urlTemplate\":\"https:\\\/\\\/www.ohsas.sk\\\/?s={search_term_string}\"},\"query-input\":{\"@type\":\"PropertyValueSpecification\",\"valueRequired\":true,\"valueName\":\"search_term_string\"}}],\"inLanguage\":\"en-US\"}]}<\/script>\n<!-- \/ Yoast SEO plugin. -->","yoast_head_json":{"title":"Slu\u017eby, \u0161kolenia, audit BOZP a OPP - OHSAS","description":"Slu\u017eby v oblasti bezpe\u010dnosti a ochrany zdravia pri pr\u00e1ci, ochrany pred po\u017eiarmi a vzdel\u00e1vania.","robots":{"index":"index","follow":"follow","max-snippet":"max-snippet:-1","max-image-preview":"max-image-preview:large","max-video-preview":"max-video-preview:-1"},"canonical":"https:\/\/www.ohsas.sk\/en\/","og_locale":"en_US","og_type":"article","og_title":"Slu\u017eby, \u0161kolenia, audit BOZP a OPP - OHSAS","og_description":"Slu\u017eby v oblasti bezpe\u010dnosti a ochrany zdravia pri pr\u00e1ci, ochrany pred po\u017eiarmi a vzdel\u00e1vania.","og_url":"https:\/\/www.ohsas.sk\/en\/","og_site_name":"OHSAS","article_publisher":"https:\/\/www.facebook.com\/OHSAS-Ing-Lenka-P%c3%a9nze%c5%a1ov%c3%a1-%c5%a0vecov%c3%a1-516506368427752\/","article_modified_time":"2023-09-27T12:17:48+00:00","twitter_card":"summary_large_image","schema":{"@context":"https:\/\/schema.org","@graph":[{"@type":"WebPage","@id":"https:\/\/www.ohsas.sk\/en\/","url":"https:\/\/www.ohsas.sk\/en\/","name":"Slu\u017eby, \u0161kolenia, audit BOZP a OPP - OHSAS","isPartOf":{"@id":"https:\/\/www.ohsas.sk\/#website"},"primaryImageOfPage":{"@id":"https:\/\/www.ohsas.sk\/en\/#primaryimage"},"image":{"@id":"https:\/\/www.ohsas.sk\/en\/#primaryimage"},"thumbnailUrl":"https:\/\/www.ohsas.sk\/wp-content\/uploads\/2025\/12\/POHLADNICA_01.png","datePublished":"2017-07-11T14:11:28+00:00","dateModified":"2023-09-27T12:17:48+00:00","description":"Slu\u017eby v oblasti bezpe\u010dnosti a ochrany zdravia pri pr\u00e1ci, ochrany pred po\u017eiarmi a vzdel\u00e1vania.","breadcrumb":{"@id":"https:\/\/www.ohsas.sk\/en\/#breadcrumb"},"inLanguage":"en-US","potentialAction":[{"@type":"ReadAction","target":["https:\/\/www.ohsas.sk\/en\/"]}]},{"@type":"ImageObject","inLanguage":"en-US","@id":"https:\/\/www.ohsas.sk\/en\/#primaryimage","url":"https:\/\/www.ohsas.sk\/wp-content\/uploads\/2025\/12\/POHLADNICA_01.png","contentUrl":"https:\/\/www.ohsas.sk\/wp-content\/uploads\/2025\/12\/POHLADNICA_01.png","width":1240,"height":1748},{"@type":"BreadcrumbList","@id":"https:\/\/www.ohsas.sk\/en\/#breadcrumb","itemListElement":[{"@type":"ListItem","position":1,"name":"home","item":"https:\/\/www.ohsas.sk\/en\/"},{"@type":"ListItem","position":2,"name":"Home"}]},{"@type":"WebSite","@id":"https:\/\/www.ohsas.sk\/#website","url":"https:\/\/www.ohsas.sk\/","name":"OHSAS","description":"\u201eBOZP a po\u017eiarna ochrana \u2013 \u0161kolenia, rev\u00edzie a poradenstvo pre firmy\u201c","potentialAction":[{"@type":"SearchAction","target":{"@type":"EntryPoint","urlTemplate":"https:\/\/www.ohsas.sk\/?s={search_term_string}"},"query-input":{"@type":"PropertyValueSpecification","valueRequired":true,"valueName":"search_term_string"}}],"inLanguage":"en-US"}]}},"_links":{"self":[{"href":"https:\/\/www.ohsas.sk\/en\/wp-json\/wp\/v2\/pages\/3167","targetHints":{"allow":["GET"]}}],"collection":[{"href":"https:\/\/www.ohsas.sk\/en\/wp-json\/wp\/v2\/pages"}],"about":[{"href":"https:\/\/www.ohsas.sk\/en\/wp-json\/wp\/v2\/types\/page"}],"author":[{"embeddable":true,"href":"https:\/\/www.ohsas.sk\/en\/wp-json\/wp\/v2\/users\/2"}],"replies":[{"embeddable":true,"href":"https:\/\/www.ohsas.sk\/en\/wp-json\/wp\/v2\/comments?post=3167"}],"version-history":[{"count":3,"href":"https:\/\/www.ohsas.sk\/en\/wp-json\/wp\/v2\/pages\/3167\/revisions"}],"predecessor-version":[{"id":3170,"href":"https:\/\/www.ohsas.sk\/en\/wp-json\/wp\/v2\/pages\/3167\/revisions\/3170"}],"wp:featuredmedia":[{"embeddable":true,"href":"https:\/\/www.ohsas.sk\/en\/wp-json\/wp\/v2\/media\/5919"}],"wp:attachment":[{"href":"https:\/\/www.ohsas.sk\/en\/wp-json\/wp\/v2\/media?parent=3167"}],"curies":[{"name":"wp","href":"https:\/\/api.w.org\/{rel}","templated":true}]}}