{"id":3171,"date":"2017-07-11T16:12:35","date_gmt":"2017-07-11T14:12:35","guid":{"rendered":"https:\/\/www.ohsas.sk\/o-nas\/"},"modified":"2025-08-07T14:52:36","modified_gmt":"2025-08-07T12:52:36","slug":"about-us","status":"publish","type":"page","link":"https:\/\/www.ohsas.sk\/en\/about-us\/","title":{"rendered":"About us"},"content":{"rendered":"<div id=\"attachment_2494\" style=\"width: 327px\" class=\"wp-caption alignleft\"><img decoding=\"async\" aria-describedby=\"caption-attachment-2494\" class=\"wp-image-2494\" src=\"https:\/\/www.ohsas.sk\/wp-content\/uploads\/2023\/04\/lenka1.jpg\" alt=\"konate\u013eka spolo\u010dnosti OHSAS, VEMAL\" width=\"317\" height=\"194\" srcset=\"https:\/\/www.ohsas.sk\/wp-content\/uploads\/2023\/04\/lenka1.jpg 1578w, https:\/\/www.ohsas.sk\/wp-content\/uploads\/2023\/04\/lenka1-300x183.jpg 300w, https:\/\/www.ohsas.sk\/wp-content\/uploads\/2023\/04\/lenka1-1024x625.jpg 1024w, https:\/\/www.ohsas.sk\/wp-content\/uploads\/2023\/04\/lenka1-768x469.jpg 768w, https:\/\/www.ohsas.sk\/wp-content\/uploads\/2023\/04\/lenka1-1536x937.jpg 1536w\" sizes=\"(max-width: 317px) 100vw, 317px\" \/><p id=\"caption-attachment-2494\" class=\"wp-caption-text\">Managing director of the company<\/p><\/div>\n<div class=\"_2cuy _3dgx\" data-block=\"true\" data-editor=\"drglj\" data-offset-key=\"bv1c6-0-0\">\n<div class=\"group w-full text-gray-800 dark:text-gray-100 border-b border-black\/10 dark:border-gray-900\/50 dark:bg-gray-800\">\n<div class=\"text-base gap-4 md:gap-6 md:max-w-2xl lg:max-w-xl xl:max-w-3xl p-4 md:py-6 flex lg:px-0 m-auto\">\n<div class=\"relative flex w-[calc(100%-50px)] flex-col gap-1 md:gap-3 lg:w-[calc(100%-115px)]\">\n<div class=\"flex justify-between lg:block\">\n<div class=\"_2cuy _3dgx\" data-block=\"true\" data-editor=\"drglj\" data-offset-key=\"bv1c6-0-0\">\n<div class=\"flex flex-grow flex-col gap-3\">\n<div class=\"min-h-[20px] flex flex-col items-start gap-4 whitespace-pre-wrap\">\n<div class=\"markdown prose w-full break-words dark:prose-invert light\">\n<p>&nbsp;<\/p>\n<p><strong>&#8220;If you think your company could also benefit from our services, please do not hesitate to contact us. It will be our pleasure to assist you.&#8221;<\/strong><\/p>\n<\/div>\n<\/div>\n<\/div>\n<\/div>\n<div class=\"_2cuy _3dgx\" data-block=\"true\" data-editor=\"drglj\" data-offset-key=\"48aak-0-0\">\n<p><cite>Ing. Lenka P\u00e9nze\u0161ov\u00e1 \u0160vecov\u00e1, MBA\u00a0<\/cite><\/p>\n<\/div>\n<\/div>\n<\/div>\n<\/div>\n<p>&nbsp;<\/p>\n<div class=\"text-base gap-4 md:gap-6 md:max-w-2xl lg:max-w-xl xl:max-w-3xl p-4 md:py-6 flex lg:px-0 m-auto\">\n<div class=\"relative flex w-[calc(100%-50px)] flex-col gap-1 md:gap-3 lg:w-[calc(100%-115px)]\">\n<div><\/div>\n<div class=\"flex justify-between lg:block\">\n<hr \/>\n<p>Our business story began in 2005 with the establishment of a small company <strong>Ing. Lenka P\u00e9nze\u0161ov\u00e1 \u0160vecov\u00e1 &#8211; OHSAS,<\/strong> but with big goals and the need to help others and improve the world around us.<\/p>\n<\/div>\n<\/div>\n<\/div>\n<div class=\"text-base gap-4 md:gap-6 md:max-w-2xl lg:max-w-xl xl:max-w-3xl p-4 md:py-6 flex lg:px-0 m-auto\">\n<div class=\"relative flex w-[calc(100%-50px)] flex-col gap-1 md:gap-3 lg:w-[calc(100%-115px)]\">\n<div><\/div>\n<div class=\"flex justify-between lg:block\">\n<hr \/>\n<p>A year later we founded the company <strong>VEMAL, s.r.o.<\/strong>, which focuses mainly on educational activities and its aim is to raise awareness and education about occupational health and safety and fire protection.<\/p>\n<\/div>\n<div><\/div>\n<\/div>\n<\/div>\n<\/div>\n<div class=\"flex flex-grow flex-col gap-3\">\n<div class=\"min-h-[20px] flex flex-col items-start gap-4 whitespace-pre-wrap\">\n<div class=\"markdown prose w-full break-words dark:prose-invert light\">\n<hr \/>\n<p>Today, <strong>OHSAS, s.r.o.<\/strong> &#8211; the bearer of the corporate brand &#8211; has finally become our main company dedicated to many services related to safety at work.<\/p>\n<p>&nbsp;<\/p>\n<hr \/>\n<p>We provide our services not only because it is a legal obligation, but because we genuinely care about the health and safety of your employees and our clients. We strive to provide a professional and responsible service that helps to minimise risks and protect employees from hazards, making your company stronger.<\/p>\n<p>When we see how working conditions and employee safety are improving in companies, it is a great motivation for us and a reason to dedicate ourselves to our work to the fullest.<\/p>\n<\/div>\n<\/div>\n<\/div>\n<\/div>\n","protected":false},"excerpt":{"rendered":"<p>&#8220;Safety at work is the foundation of success &#8211; walk safely with us!&#8221;<\/p>\n","protected":false},"author":2,"featured_media":0,"parent":0,"menu_order":0,"comment_status":"closed","ping_status":"closed","template":"","meta":{"_acf_changed":false,"inline_featured_image":false,"footnotes":""},"class_list":["post-3171","page","type-page","status-publish","hentry"],"acf":[],"yoast_head":"<!-- This site is optimized with the Yoast SEO plugin v27.4 - https:\/\/yoast.com\/product\/yoast-seo-wordpress\/ -->\n<title>About us - OHSAS<\/title>\n<meta name=\"robots\" content=\"index, follow, max-snippet:-1, max-image-preview:large, max-video-preview:-1\" \/>\n<link rel=\"canonical\" href=\"https:\/\/www.ohsas.sk\/en\/about-us\/\" \/>\n<meta property=\"og:locale\" content=\"en_US\" \/>\n<meta property=\"og:type\" content=\"article\" \/>\n<meta property=\"og:title\" content=\"About us - OHSAS\" \/>\n<meta property=\"og:description\" content=\"&quot;Safety at work is the foundation of success - walk safely with us!&quot;\" \/>\n<meta property=\"og:url\" content=\"https:\/\/www.ohsas.sk\/en\/about-us\/\" \/>\n<meta property=\"og:site_name\" content=\"OHSAS\" \/>\n<meta property=\"article:publisher\" content=\"https:\/\/www.facebook.com\/OHSAS-Ing-Lenka-P%c3%a9nze%c5%a1ov%c3%a1-%c5%a0vecov%c3%a1-516506368427752\/\" \/>\n<meta property=\"article:modified_time\" content=\"2025-08-07T12:52:36+00:00\" \/>\n<meta property=\"og:image\" content=\"https:\/\/www.ohsas.sk\/wp-content\/uploads\/2023\/04\/lenka1.jpg\" \/>\n\t<meta property=\"og:image:width\" content=\"1578\" \/>\n\t<meta property=\"og:image:height\" content=\"963\" \/>\n\t<meta property=\"og:image:type\" content=\"image\/jpeg\" \/>\n<meta name=\"twitter:card\" content=\"summary_large_image\" \/>\n<meta name=\"twitter:label1\" content=\"Est. reading time\" \/>\n\t<meta name=\"twitter:data1\" content=\"2 minutes\" \/>\n<script type=\"application\/ld+json\" class=\"yoast-schema-graph\">{\"@context\":\"https:\\\/\\\/schema.org\",\"@graph\":[{\"@type\":\"WebPage\",\"@id\":\"https:\\\/\\\/www.ohsas.sk\\\/en\\\/about-us\\\/\",\"url\":\"https:\\\/\\\/www.ohsas.sk\\\/en\\\/about-us\\\/\",\"name\":\"About us - OHSAS\",\"isPartOf\":{\"@id\":\"https:\\\/\\\/www.ohsas.sk\\\/#website\"},\"primaryImageOfPage\":{\"@id\":\"https:\\\/\\\/www.ohsas.sk\\\/en\\\/about-us\\\/#primaryimage\"},\"image\":{\"@id\":\"https:\\\/\\\/www.ohsas.sk\\\/en\\\/about-us\\\/#primaryimage\"},\"thumbnailUrl\":\"https:\\\/\\\/www.ohsas.sk\\\/wp-content\\\/uploads\\\/2023\\\/04\\\/lenka1.jpg\",\"datePublished\":\"2017-07-11T14:12:35+00:00\",\"dateModified\":\"2025-08-07T12:52:36+00:00\",\"breadcrumb\":{\"@id\":\"https:\\\/\\\/www.ohsas.sk\\\/en\\\/about-us\\\/#breadcrumb\"},\"inLanguage\":\"en-US\",\"potentialAction\":[{\"@type\":\"ReadAction\",\"target\":[\"https:\\\/\\\/www.ohsas.sk\\\/en\\\/about-us\\\/\"]}]},{\"@type\":\"ImageObject\",\"inLanguage\":\"en-US\",\"@id\":\"https:\\\/\\\/www.ohsas.sk\\\/en\\\/about-us\\\/#primaryimage\",\"url\":\"https:\\\/\\\/www.ohsas.sk\\\/wp-content\\\/uploads\\\/2023\\\/04\\\/lenka1.jpg\",\"contentUrl\":\"https:\\\/\\\/www.ohsas.sk\\\/wp-content\\\/uploads\\\/2023\\\/04\\\/lenka1.jpg\"},{\"@type\":\"BreadcrumbList\",\"@id\":\"https:\\\/\\\/www.ohsas.sk\\\/en\\\/about-us\\\/#breadcrumb\",\"itemListElement\":[{\"@type\":\"ListItem\",\"position\":1,\"name\":\"home\",\"item\":\"https:\\\/\\\/www.ohsas.sk\\\/en\\\/\"},{\"@type\":\"ListItem\",\"position\":2,\"name\":\"About us\"}]},{\"@type\":\"WebSite\",\"@id\":\"https:\\\/\\\/www.ohsas.sk\\\/#website\",\"url\":\"https:\\\/\\\/www.ohsas.sk\\\/\",\"name\":\"OHSAS\",\"description\":\"\u201eBOZP a po\u017eiarna ochrana \u2013 \u0161kolenia, rev\u00edzie a poradenstvo pre firmy\u201c\",\"potentialAction\":[{\"@type\":\"SearchAction\",\"target\":{\"@type\":\"EntryPoint\",\"urlTemplate\":\"https:\\\/\\\/www.ohsas.sk\\\/?s={search_term_string}\"},\"query-input\":{\"@type\":\"PropertyValueSpecification\",\"valueRequired\":true,\"valueName\":\"search_term_string\"}}],\"inLanguage\":\"en-US\"}]}<\/script>\n<!-- \/ Yoast SEO plugin. -->","yoast_head_json":{"title":"About us - OHSAS","robots":{"index":"index","follow":"follow","max-snippet":"max-snippet:-1","max-image-preview":"max-image-preview:large","max-video-preview":"max-video-preview:-1"},"canonical":"https:\/\/www.ohsas.sk\/en\/about-us\/","og_locale":"en_US","og_type":"article","og_title":"About us - OHSAS","og_description":"\"Safety at work is the foundation of success - walk safely with us!\"","og_url":"https:\/\/www.ohsas.sk\/en\/about-us\/","og_site_name":"OHSAS","article_publisher":"https:\/\/www.facebook.com\/OHSAS-Ing-Lenka-P%c3%a9nze%c5%a1ov%c3%a1-%c5%a0vecov%c3%a1-516506368427752\/","article_modified_time":"2025-08-07T12:52:36+00:00","og_image":[{"width":1578,"height":963,"url":"https:\/\/www.ohsas.sk\/wp-content\/uploads\/2023\/04\/lenka1.jpg","type":"image\/jpeg"}],"twitter_card":"summary_large_image","twitter_misc":{"Est. reading time":"2 minutes"},"schema":{"@context":"https:\/\/schema.org","@graph":[{"@type":"WebPage","@id":"https:\/\/www.ohsas.sk\/en\/about-us\/","url":"https:\/\/www.ohsas.sk\/en\/about-us\/","name":"About us - OHSAS","isPartOf":{"@id":"https:\/\/www.ohsas.sk\/#website"},"primaryImageOfPage":{"@id":"https:\/\/www.ohsas.sk\/en\/about-us\/#primaryimage"},"image":{"@id":"https:\/\/www.ohsas.sk\/en\/about-us\/#primaryimage"},"thumbnailUrl":"https:\/\/www.ohsas.sk\/wp-content\/uploads\/2023\/04\/lenka1.jpg","datePublished":"2017-07-11T14:12:35+00:00","dateModified":"2025-08-07T12:52:36+00:00","breadcrumb":{"@id":"https:\/\/www.ohsas.sk\/en\/about-us\/#breadcrumb"},"inLanguage":"en-US","potentialAction":[{"@type":"ReadAction","target":["https:\/\/www.ohsas.sk\/en\/about-us\/"]}]},{"@type":"ImageObject","inLanguage":"en-US","@id":"https:\/\/www.ohsas.sk\/en\/about-us\/#primaryimage","url":"https:\/\/www.ohsas.sk\/wp-content\/uploads\/2023\/04\/lenka1.jpg","contentUrl":"https:\/\/www.ohsas.sk\/wp-content\/uploads\/2023\/04\/lenka1.jpg"},{"@type":"BreadcrumbList","@id":"https:\/\/www.ohsas.sk\/en\/about-us\/#breadcrumb","itemListElement":[{"@type":"ListItem","position":1,"name":"home","item":"https:\/\/www.ohsas.sk\/en\/"},{"@type":"ListItem","position":2,"name":"About us"}]},{"@type":"WebSite","@id":"https:\/\/www.ohsas.sk\/#website","url":"https:\/\/www.ohsas.sk\/","name":"OHSAS","description":"\u201eBOZP a po\u017eiarna ochrana \u2013 \u0161kolenia, rev\u00edzie a poradenstvo pre firmy\u201c","potentialAction":[{"@type":"SearchAction","target":{"@type":"EntryPoint","urlTemplate":"https:\/\/www.ohsas.sk\/?s={search_term_string}"},"query-input":{"@type":"PropertyValueSpecification","valueRequired":true,"valueName":"search_term_string"}}],"inLanguage":"en-US"}]}},"_links":{"self":[{"href":"https:\/\/www.ohsas.sk\/en\/wp-json\/wp\/v2\/pages\/3171","targetHints":{"allow":["GET"]}}],"collection":[{"href":"https:\/\/www.ohsas.sk\/en\/wp-json\/wp\/v2\/pages"}],"about":[{"href":"https:\/\/www.ohsas.sk\/en\/wp-json\/wp\/v2\/types\/page"}],"author":[{"embeddable":true,"href":"https:\/\/www.ohsas.sk\/en\/wp-json\/wp\/v2\/users\/2"}],"replies":[{"embeddable":true,"href":"https:\/\/www.ohsas.sk\/en\/wp-json\/wp\/v2\/comments?post=3171"}],"version-history":[{"count":4,"href":"https:\/\/www.ohsas.sk\/en\/wp-json\/wp\/v2\/pages\/3171\/revisions"}],"predecessor-version":[{"id":4010,"href":"https:\/\/www.ohsas.sk\/en\/wp-json\/wp\/v2\/pages\/3171\/revisions\/4010"}],"wp:attachment":[{"href":"https:\/\/www.ohsas.sk\/en\/wp-json\/wp\/v2\/media?parent=3171"}],"curies":[{"name":"wp","href":"https:\/\/api.w.org\/{rel}","templated":true}]}}