{"id":3177,"date":"2017-07-11T16:33:24","date_gmt":"2017-07-11T14:33:24","guid":{"rendered":"https:\/\/www.ohsas.sk\/tlaciva\/"},"modified":"2024-05-29T09:06:03","modified_gmt":"2024-05-29T07:06:03","slug":"forms","status":"publish","type":"page","link":"https:\/\/www.ohsas.sk\/en\/forms\/","title":{"rendered":"Forms"},"content":{"rendered":"<p>Medical opinion- <a href=\"https:\/\/www.ohsas.sk\/wp-content\/uploads\/2021\/02\/Lekarsky-posudok.pdf\" target=\"_blank\" rel=\"noopener\">Stiahnu\u0165 PDF<\/a><\/p>\n<p>Application for training for scaffolders- <a href=\"https:\/\/www.ohsas.sk\/wp-content\/uploads\/2021\/01\/Prihlaska-na-odb.-pripravu-pre-lesenarov.pdf\" target=\"_blank\" rel=\"noopener\">Stiahnu\u0165 PDF<\/a><\/p>\n<p>Application for training for chainsaw other activity &#8211; <a href=\"https:\/\/www.ohsas.sk\/wp-content\/uploads\/2021\/01\/Prihlaska-na-odb.-pripravu-MPIC.pdf\" target=\"_blank\" rel=\"noopener\">Stiahnu\u0165 PDF<\/a><\/p>\n<p>Application for training for gricultural machinery &#8211; <a href=\"https:\/\/www.ohsas.sk\/wp-content\/uploads\/2021\/01\/Prihlaska-na-odb.-pripravu-pre-PS.pdf\" target=\"_blank\" rel=\"noopener\">Stiahnu\u0165 PDF<\/a><\/p>\n<p>Application for training for construction machinery &#8211; <a href=\"https:\/\/www.ohsas.sk\/wp-content\/uploads\/2021\/01\/Prihlaska-na-odb.-pripravu-pre-SS.pdf\" target=\"_blank\" rel=\"noopener\">Stiahnu\u0165 PDF<\/a><\/p>\n<p>Application for training for high lift trolleys\u00a0&#8211; <a href=\"https:\/\/www.ohsas.sk\/wp-content\/uploads\/2021\/01\/Prihlaska-na-odb.-pripravu-pre-VZV.pdf\" target=\"_blank\" rel=\"noopener\">Stiahnu\u0165 PDF<\/a><\/p>\n<p>Application for training for chainsaw logging\u00a0&#8211; <a href=\"https:\/\/www.ohsas.sk\/wp-content\/uploads\/2021\/01\/Prihlaska-na-odb.-pripravu-pre-MP-TD.pdf\" target=\"_blank\" rel=\"noopener\">Stiahnu\u0165 PDF<\/a><\/p>\n<p>Application form safety technican\u00a0 &#8211; <a href=\"https:\/\/www.ohsas.sk\/wp-content\/uploads\/2022\/08\/LPS_PRIHLASKA_KURZ_BT_UNI.pdf\">Stiahnu\u0165 PDF<\/a><\/p>\n<p>Application form\u00a0 update training\u00a0 safety technican , authorized safety technican &#8211; <a href=\"https:\/\/www.ohsas.sk\/wp-content\/uploads\/2022\/08\/LPS_OHSAS_PRIHLASKA_NA-AOP_ABT_BT_UNI.pdf\" target=\"_blank\" rel=\"noopener\">Stiahnu\u0165 PDF<\/a><\/p>\n<p>Update training application form for persons to operate selected construction machinery and equipment\u00a0&#8211; <a href=\"https:\/\/www.ohsas.sk\/wp-content\/uploads\/2022\/01\/AOP_prihlaska_SS.pdf\" target=\"_blank\" rel=\"noopener\">Stiahnu\u0165 PDF<\/a><\/p>\n<p>Update training application form for persons to operate selected agricultural machinery and equipment\u00a0&#8211; <a href=\"https:\/\/www.ohsas.sk\/wp-content\/uploads\/2022\/01\/AOP_prihlaska_PS.pdf\" target=\"_blank\" rel=\"noopener\">Stiahnu\u0165 PDF<\/a><\/p>\n<p>Update training application for persons to operate hand chainsaws in other activities\u00a0&#8211; <a href=\"https:\/\/www.ohsas.sk\/wp-content\/uploads\/2022\/01\/AOP_prihlaska_MPIC.pdf\" target=\"_blank\" rel=\"noopener\">Stiahnu\u0165 PDF<\/a><\/p>\n<p>Update training\u00a0 application for persons to operate hand chainsaws in logging &#8211; <a href=\"https:\/\/www.ohsas.sk\/wp-content\/uploads\/2022\/01\/AOP_prihlaska_MPTD.pdf\" target=\"_blank\" rel=\"noopener\">Stiahnu\u0165 PDF<\/a><\/p>\n<p>Update training \u00a0 application for persons for assembly and disassembly of scaffolding &#8211; <a href=\"https:\/\/www.ohsas.sk\/wp-content\/uploads\/2022\/01\/AOP_prihlaska_lesenar.pdf\" target=\"_blank\" rel=\"noopener\">Stiahnu\u0165 PDF<\/a><\/p>\n<p>Update training\u00a0 application for persons to operate motorised trolleys\u00a0&#8211; <a href=\"https:\/\/www.ohsas.sk\/wp-content\/uploads\/2022\/01\/AOP_prihlaska_VZV.pdf\" target=\"_blank\" rel=\"noopener\">Stiahnu\u0165 PDF<\/a><\/p>\n<p>Application for safety technican exam preparation- <a href=\"https:\/\/www.ohsas.sk\/wp-content\/uploads\/2023\/06\/LPS_OHSAS_PRIHLASKA_PRIPRAVA-NA-SKUSKY-BT.docx\" target=\"_blank\" rel=\"noopener\">Stiahnu\u0165<\/a><\/p>\n<p>&nbsp;<\/p>\n","protected":false},"excerpt":{"rendered":"<p>Medical opinion- Stiahnu\u0165 PDF Application for training for scaffolders- Stiahnu\u0165 PDF Application for training for chainsaw other activity &#8211; Stiahnu\u0165 PDF Application for training for gricultural machinery &#8211; Stiahnu\u0165 PDF Application for training for construction machinery &#8211; Stiahnu\u0165 PDF Application for training for high lift trolleys\u00a0&#8211; Stiahnu\u0165 PDF Application for training for chainsaw logging\u00a0&#8211; Stiahnu\u0165 [&hellip;]<\/p>\n","protected":false},"author":2,"featured_media":0,"parent":0,"menu_order":0,"comment_status":"closed","ping_status":"closed","template":"","meta":{"_acf_changed":false,"inline_featured_image":false,"footnotes":""},"class_list":["post-3177","page","type-page","status-publish","hentry"],"acf":[],"yoast_head":"<!-- This site is optimized with the Yoast SEO plugin v27.4 - https:\/\/yoast.com\/product\/yoast-seo-wordpress\/ -->\n<title>Forms - OHSAS<\/title>\n<meta name=\"robots\" content=\"index, follow, max-snippet:-1, max-image-preview:large, max-video-preview:-1\" \/>\n<link rel=\"canonical\" href=\"https:\/\/www.ohsas.sk\/en\/forms\/\" \/>\n<meta property=\"og:locale\" content=\"en_US\" \/>\n<meta property=\"og:type\" content=\"article\" \/>\n<meta property=\"og:title\" content=\"Forms - OHSAS\" \/>\n<meta property=\"og:description\" content=\"Medical opinion- Stiahnu\u0165 PDF Application for training for scaffolders- Stiahnu\u0165 PDF Application for training for chainsaw other activity &#8211; Stiahnu\u0165 PDF Application for training for gricultural machinery &#8211; Stiahnu\u0165 PDF Application for training for construction machinery &#8211; Stiahnu\u0165 PDF Application for training for high lift trolleys\u00a0&#8211; Stiahnu\u0165 PDF Application for training for chainsaw logging\u00a0&#8211; Stiahnu\u0165 [&hellip;]\" \/>\n<meta property=\"og:url\" content=\"https:\/\/www.ohsas.sk\/en\/forms\/\" \/>\n<meta property=\"og:site_name\" content=\"OHSAS\" \/>\n<meta property=\"article:publisher\" content=\"https:\/\/www.facebook.com\/OHSAS-Ing-Lenka-P%c3%a9nze%c5%a1ov%c3%a1-%c5%a0vecov%c3%a1-516506368427752\/\" \/>\n<meta property=\"article:modified_time\" content=\"2024-05-29T07:06:03+00:00\" \/>\n<meta name=\"twitter:card\" content=\"summary_large_image\" \/>\n<meta name=\"twitter:label1\" content=\"Est. reading time\" \/>\n\t<meta name=\"twitter:data1\" content=\"1 minute\" \/>\n<script type=\"application\/ld+json\" class=\"yoast-schema-graph\">{\"@context\":\"https:\\\/\\\/schema.org\",\"@graph\":[{\"@type\":\"WebPage\",\"@id\":\"https:\\\/\\\/www.ohsas.sk\\\/en\\\/forms\\\/\",\"url\":\"https:\\\/\\\/www.ohsas.sk\\\/en\\\/forms\\\/\",\"name\":\"Forms - OHSAS\",\"isPartOf\":{\"@id\":\"https:\\\/\\\/www.ohsas.sk\\\/#website\"},\"datePublished\":\"2017-07-11T14:33:24+00:00\",\"dateModified\":\"2024-05-29T07:06:03+00:00\",\"breadcrumb\":{\"@id\":\"https:\\\/\\\/www.ohsas.sk\\\/en\\\/forms\\\/#breadcrumb\"},\"inLanguage\":\"en-US\",\"potentialAction\":[{\"@type\":\"ReadAction\",\"target\":[\"https:\\\/\\\/www.ohsas.sk\\\/en\\\/forms\\\/\"]}]},{\"@type\":\"BreadcrumbList\",\"@id\":\"https:\\\/\\\/www.ohsas.sk\\\/en\\\/forms\\\/#breadcrumb\",\"itemListElement\":[{\"@type\":\"ListItem\",\"position\":1,\"name\":\"home\",\"item\":\"https:\\\/\\\/www.ohsas.sk\\\/en\\\/\"},{\"@type\":\"ListItem\",\"position\":2,\"name\":\"Forms\"}]},{\"@type\":\"WebSite\",\"@id\":\"https:\\\/\\\/www.ohsas.sk\\\/#website\",\"url\":\"https:\\\/\\\/www.ohsas.sk\\\/\",\"name\":\"OHSAS\",\"description\":\"\u201eBOZP a po\u017eiarna ochrana \u2013 \u0161kolenia, rev\u00edzie a poradenstvo pre firmy\u201c\",\"potentialAction\":[{\"@type\":\"SearchAction\",\"target\":{\"@type\":\"EntryPoint\",\"urlTemplate\":\"https:\\\/\\\/www.ohsas.sk\\\/?s={search_term_string}\"},\"query-input\":{\"@type\":\"PropertyValueSpecification\",\"valueRequired\":true,\"valueName\":\"search_term_string\"}}],\"inLanguage\":\"en-US\"}]}<\/script>\n<!-- \/ Yoast SEO plugin. -->","yoast_head_json":{"title":"Forms - OHSAS","robots":{"index":"index","follow":"follow","max-snippet":"max-snippet:-1","max-image-preview":"max-image-preview:large","max-video-preview":"max-video-preview:-1"},"canonical":"https:\/\/www.ohsas.sk\/en\/forms\/","og_locale":"en_US","og_type":"article","og_title":"Forms - OHSAS","og_description":"Medical opinion- Stiahnu\u0165 PDF Application for training for scaffolders- Stiahnu\u0165 PDF Application for training for chainsaw other activity &#8211; Stiahnu\u0165 PDF Application for training for gricultural machinery &#8211; Stiahnu\u0165 PDF Application for training for construction machinery &#8211; Stiahnu\u0165 PDF Application for training for high lift trolleys\u00a0&#8211; Stiahnu\u0165 PDF Application for training for chainsaw logging\u00a0&#8211; Stiahnu\u0165 [&hellip;]","og_url":"https:\/\/www.ohsas.sk\/en\/forms\/","og_site_name":"OHSAS","article_publisher":"https:\/\/www.facebook.com\/OHSAS-Ing-Lenka-P%c3%a9nze%c5%a1ov%c3%a1-%c5%a0vecov%c3%a1-516506368427752\/","article_modified_time":"2024-05-29T07:06:03+00:00","twitter_card":"summary_large_image","twitter_misc":{"Est. reading time":"1 minute"},"schema":{"@context":"https:\/\/schema.org","@graph":[{"@type":"WebPage","@id":"https:\/\/www.ohsas.sk\/en\/forms\/","url":"https:\/\/www.ohsas.sk\/en\/forms\/","name":"Forms - OHSAS","isPartOf":{"@id":"https:\/\/www.ohsas.sk\/#website"},"datePublished":"2017-07-11T14:33:24+00:00","dateModified":"2024-05-29T07:06:03+00:00","breadcrumb":{"@id":"https:\/\/www.ohsas.sk\/en\/forms\/#breadcrumb"},"inLanguage":"en-US","potentialAction":[{"@type":"ReadAction","target":["https:\/\/www.ohsas.sk\/en\/forms\/"]}]},{"@type":"BreadcrumbList","@id":"https:\/\/www.ohsas.sk\/en\/forms\/#breadcrumb","itemListElement":[{"@type":"ListItem","position":1,"name":"home","item":"https:\/\/www.ohsas.sk\/en\/"},{"@type":"ListItem","position":2,"name":"Forms"}]},{"@type":"WebSite","@id":"https:\/\/www.ohsas.sk\/#website","url":"https:\/\/www.ohsas.sk\/","name":"OHSAS","description":"\u201eBOZP a po\u017eiarna ochrana \u2013 \u0161kolenia, rev\u00edzie a poradenstvo pre firmy\u201c","potentialAction":[{"@type":"SearchAction","target":{"@type":"EntryPoint","urlTemplate":"https:\/\/www.ohsas.sk\/?s={search_term_string}"},"query-input":{"@type":"PropertyValueSpecification","valueRequired":true,"valueName":"search_term_string"}}],"inLanguage":"en-US"}]}},"_links":{"self":[{"href":"https:\/\/www.ohsas.sk\/en\/wp-json\/wp\/v2\/pages\/3177","targetHints":{"allow":["GET"]}}],"collection":[{"href":"https:\/\/www.ohsas.sk\/en\/wp-json\/wp\/v2\/pages"}],"about":[{"href":"https:\/\/www.ohsas.sk\/en\/wp-json\/wp\/v2\/types\/page"}],"author":[{"embeddable":true,"href":"https:\/\/www.ohsas.sk\/en\/wp-json\/wp\/v2\/users\/2"}],"replies":[{"embeddable":true,"href":"https:\/\/www.ohsas.sk\/en\/wp-json\/wp\/v2\/comments?post=3177"}],"version-history":[{"count":3,"href":"https:\/\/www.ohsas.sk\/en\/wp-json\/wp\/v2\/pages\/3177\/revisions"}],"predecessor-version":[{"id":4015,"href":"https:\/\/www.ohsas.sk\/en\/wp-json\/wp\/v2\/pages\/3177\/revisions\/4015"}],"wp:attachment":[{"href":"https:\/\/www.ohsas.sk\/en\/wp-json\/wp\/v2\/media?parent=3177"}],"curies":[{"name":"wp","href":"https:\/\/api.w.org\/{rel}","templated":true}]}}