{"id":3179,"date":"2017-07-11T16:34:11","date_gmt":"2017-07-11T14:34:11","guid":{"rendered":"https:\/\/www.ohsas.sk\/kontakt\/"},"modified":"2024-05-29T08:11:56","modified_gmt":"2024-05-29T06:11:56","slug":"contact","status":"publish","type":"page","link":"https:\/\/www.ohsas.sk\/en\/contact\/","title":{"rendered":"Contact"},"content":{"rendered":"<div class=\"row\">\n<div class=\"col-lg-6\">\n<div class=\"wpcf7 no-js\" id=\"wpcf7-f209-o1\" lang=\"sk-SK\" dir=\"ltr\" data-wpcf7-id=\"209\">\n<div class=\"screen-reader-response\"><p role=\"status\" aria-live=\"polite\" aria-atomic=\"true\"><\/p> <ul><\/ul><\/div>\n<form action=\"\/en\/wp-json\/wp\/v2\/pages\/3179#wpcf7-f209-o1\" method=\"post\" class=\"wpcf7-form init\" aria-label=\"Kontaktn\u00fd formul\u00e1r\" novalidate=\"novalidate\" data-status=\"init\">\n<fieldset class=\"hidden-fields-container\"><input type=\"hidden\" name=\"_wpcf7\" value=\"209\" \/><input type=\"hidden\" name=\"_wpcf7_version\" value=\"6.1.5\" \/><input type=\"hidden\" name=\"_wpcf7_locale\" value=\"sk_SK\" \/><input type=\"hidden\" name=\"_wpcf7_unit_tag\" value=\"wpcf7-f209-o1\" \/><input type=\"hidden\" name=\"_wpcf7_container_post\" value=\"0\" \/><input type=\"hidden\" name=\"_wpcf7_posted_data_hash\" value=\"\" \/><input type=\"hidden\" name=\"_wpcf7_recaptcha_response\" value=\"\" \/>\n<\/fieldset>\n<div class=\"row\">\n\t<div class=\"col-md-12\">\n\t\t<div class=\"field\">\n\t\t\t<label for=\"your-name\">Meno a priezvisko <span class=\"req\">*<\/span><\/label>\n\t\t\t<div class=\"form-group your-name\"><input class=\"wpcf7-form-control wpcf7-text wpcf7-validates-as-required form-control required form-control\" name=\"your-name\" type=\"text\" value=\"\" aria-invalid=\"false\" aria-required=\"true\" required><\/div>\n\t\t<\/div>\n\t<\/div>\n\n\t<div class=\"col-md-12\">\n\t\t<div class=\"field\">\n\t\t\t<label for=\"your-email\">E-mail <span class=\"req\">*<\/span><\/label>\n\t\t\t<div class=\"form-group your-email\"><input class=\"wpcf7-form-control wpcf7-email wpcf7-validates-as-required wpcf7-text wpcf7-validates-as-email required form-control\" name=\"your-email\" type=\"email\" value=\"\" aria-invalid=\"false\" aria-required=\"true\" required><\/div>\n\t\t<\/div>\n\t<\/div>\n\n\t<div class=\"col-md-12\">\n\t\t<div class=\"field\">\n\t\t\t<label for=\"your-phone\">Telef\u00f3n <span class=\"req\">*<\/span><\/label>\n\t\t\t<div class=\"form-group your-phone\"><input class=\"wpcf7-form-control wpcf7-text wpcf7-validates-as-required form-control form-control\" name=\"your-phone\" type=\"text\" value=\"\" aria-invalid=\"false\" aria-required=\"true\" required><\/div>\n\t\t<\/div>\n\t<\/div>\n\n\t<div class=\"col-md-12\">\n\t\t<div class=\"field\">\n\t\t\t<label for=\"message\">Spr\u00e1va <span class=\"req\">*<\/span><\/label>\n\t\t\t<div class=\"form-group your-message\"><textarea class=\"wpcf7-form-control wpcf7-textarea wpcf7-validates-as-required form-control required form-control\" name=\"your-message\" rows=\"4\" aria-invalid=\"false\" aria-required=\"true\" required><\/textarea><\/div>\n\t\t<\/div>\n\t<\/div>\n\t<div class=\"col-lg-12\">\n\t\t<div class=\"field\"><div class=\"form-group wpcf7-form-control wpcf7-acceptance acceptance\"><div class=\"checkbox wpcf7-form-control wpcf7-acceptance acceptance\"><label ><input name=\"acceptance\" type=\"checkbox\" value=\"1\" aria-invalid=\"false\">S\u00fahlas\u00edm so <a href=\"\/gdpr\/\">spracovan\u00edm osobn\u00fdch \u00fadajov<\/a> <strong>*<\/strong><\/label><\/div><\/div><\/div>\n\t<\/div>\n<\/div>\n\n<div class=\"wpcf7-response-output alert alert-warning\"><\/div>\n\n<div class=\"form-group\"><div><input class=\"wpcf7-form-control wpcf7-submit btn btn-primary btn btn-primary\" type=\"submit\" value=\"Odosla\u0165 spr\u00e1vu\"><\/div><\/div><p style=\"display: none !important;\" class=\"akismet-fields-container\" data-prefix=\"_wpcf7_ak_\"><label>&#916;<textarea name=\"_wpcf7_ak_hp_textarea\" cols=\"45\" rows=\"8\" maxlength=\"100\"><\/textarea><\/label><input type=\"hidden\" id=\"ak_js_1\" name=\"_wpcf7_ak_js\" value=\"92\"\/><script type=\"text\/javascript\">\n\/* <![CDATA[ *\/\ndocument.getElementById( \"ak_js_1\" ).setAttribute( \"value\", ( new Date() ).getTime() );\n\/* ]]> *\/\n<\/script>\n<\/p>\n<\/form>\n<\/div>\n<\/div>\n<div class=\"col-lg-6 contact-map\">\n<div id=\"map\"><\/div>\n<\/div>\n<\/div>\n<hr \/>\n<div class=\"col-lg-4 col-md-6\">\n<h2 class=\"h3\">Contact Information<\/h2>\n<p><strong>OHSAS, s.r.o.<\/strong><br \/>\n<strong>VEMAL, s.r.o.<\/strong><br \/>\n+421 945 453 460<br \/>\nohsas@ohsas.sk<\/p>\n<p>&nbsp;<\/p>\n<\/div>\n<div class=\"col-lg-4 col-md-6\">\n<h2 class=\"h3\">Operation and training centre<\/h2>\n<p>\u017ditavsk\u00e1 22\/1<br \/>\n952 01 Vr\u00e1ble<\/p>\n<\/div>\n<div class=\"col-lg-4 col-md-6\">\n<h2 class=\"h3\"><\/h2>\n<\/div>\n<div class=\"row\">\n<div class=\"col-lg-12\">\n<h2><\/h2>\n<h2><\/h2>\n<h2 class=\"h3\">Other company contacts<\/h2>\n<div class=\"row\">\n<div class=\"col-sm-4\">\n<p>Managing Director of the Company<\/p>\n<p><strong>Lenka P\u00e9nze\u0161ov\u00e1 \u0160vecov\u00e1<\/strong><br \/>\ntel: +421 905 876 147<br \/>\ne-mail: svecova@ohsas.sk<\/p>\n<\/div>\n<div class=\"col-sm-4\">\n<p>BOZP, OPP, VTZ<\/p>\n<p><strong>Mat\u00fa\u0161 P\u00e9nze\u0161\u00a0<\/strong><br \/>\ntel: +421 908 782 385<br \/>\ne-mail: penzes@ohsas.sk<\/p>\n<\/div>\n<div class=\"col-sm-4\">\n<p>&nbsp;<\/p>\n<p>&nbsp;<\/p>\n<p>&nbsp;<\/p>\n<\/div>\n<\/div>\n<\/div>\n<\/div>\n<hr \/>\n<h2 class=\"h3\">Billing information<\/h2>\n<div class=\"row\">\n<div class=\"col-sm-4\">\n<p><strong>Ing. Lenka P\u00e9nze\u0161ov\u00e1 \u0160vecov\u00e1 \u2013 OHSAS<\/strong><br \/>\nS\u00eddl. L\u00faky 1228\/83, 95201 Vr\u00e1ble,<br \/>\nI\u010cO: 41647904<br \/>\nDI\u010c: 1074169943<br \/>\n(not a VAT payer)<\/p>\n<\/div>\n<div class=\"col-sm-4\">\n<p><strong>VEMAL, s.r.o.<\/strong><br \/>\n\u017ditavsk\u00e1 22\/1, 952 01, Vr\u00e1ble<br \/>\nI\u010cO: 36654728<br \/>\nDI\u010c: 2022218209<br \/>\nI\u010c DPH: SK2022218209<\/p>\n<\/div>\n<div class=\"col-sm-4\">\n<p><strong>OHSAS, s.r.o.<\/strong><br \/>\nS\u00eddl. L\u00faky 1228\/83, 95201 Vr\u00e1ble<br \/>\nI\u010cO: 44621698<br \/>\nDI\u010c: 2022784830<br \/>\nI\u010c DPH: SK2022784830<\/p>\n<\/div>\n<\/div>\n","protected":false},"excerpt":{"rendered":"<p>Don&#8217;t hesitate to contact us today! Please fill out the following form and send it to us.<\/p>\n","protected":false},"author":2,"featured_media":0,"parent":0,"menu_order":0,"comment_status":"closed","ping_status":"closed","template":"page-kontakt.php","meta":{"_acf_changed":false,"inline_featured_image":false,"footnotes":""},"class_list":["post-3179","page","type-page","status-publish","hentry"],"acf":[],"yoast_head":"<!-- This site is optimized with the Yoast SEO plugin v27.4 - https:\/\/yoast.com\/product\/yoast-seo-wordpress\/ -->\n<title>Contact - OHSAS<\/title>\n<meta name=\"robots\" content=\"index, follow, max-snippet:-1, max-image-preview:large, max-video-preview:-1\" \/>\n<link rel=\"canonical\" href=\"https:\/\/www.ohsas.sk\/en\/contact\/\" \/>\n<meta property=\"og:locale\" content=\"en_US\" \/>\n<meta property=\"og:type\" content=\"article\" \/>\n<meta property=\"og:title\" content=\"Contact - OHSAS\" \/>\n<meta property=\"og:description\" content=\"Don&#039;t hesitate to contact us today! Please fill out the following form and send it to us.\" \/>\n<meta property=\"og:url\" content=\"https:\/\/www.ohsas.sk\/en\/contact\/\" \/>\n<meta property=\"og:site_name\" content=\"OHSAS\" \/>\n<meta property=\"article:publisher\" content=\"https:\/\/www.facebook.com\/OHSAS-Ing-Lenka-P%c3%a9nze%c5%a1ov%c3%a1-%c5%a0vecov%c3%a1-516506368427752\/\" \/>\n<meta property=\"article:modified_time\" content=\"2024-05-29T06:11:56+00:00\" \/>\n<meta name=\"twitter:card\" content=\"summary_large_image\" \/>\n<meta name=\"twitter:label1\" content=\"Est. reading time\" \/>\n\t<meta name=\"twitter:data1\" content=\"1 minute\" \/>\n<script type=\"application\/ld+json\" class=\"yoast-schema-graph\">{\"@context\":\"https:\\\/\\\/schema.org\",\"@graph\":[{\"@type\":\"WebPage\",\"@id\":\"https:\\\/\\\/www.ohsas.sk\\\/en\\\/contact\\\/\",\"url\":\"https:\\\/\\\/www.ohsas.sk\\\/en\\\/contact\\\/\",\"name\":\"Contact - OHSAS\",\"isPartOf\":{\"@id\":\"https:\\\/\\\/www.ohsas.sk\\\/#website\"},\"datePublished\":\"2017-07-11T14:34:11+00:00\",\"dateModified\":\"2024-05-29T06:11:56+00:00\",\"breadcrumb\":{\"@id\":\"https:\\\/\\\/www.ohsas.sk\\\/en\\\/contact\\\/#breadcrumb\"},\"inLanguage\":\"en-US\",\"potentialAction\":[{\"@type\":\"ReadAction\",\"target\":[\"https:\\\/\\\/www.ohsas.sk\\\/en\\\/contact\\\/\"]}]},{\"@type\":\"BreadcrumbList\",\"@id\":\"https:\\\/\\\/www.ohsas.sk\\\/en\\\/contact\\\/#breadcrumb\",\"itemListElement\":[{\"@type\":\"ListItem\",\"position\":1,\"name\":\"home\",\"item\":\"https:\\\/\\\/www.ohsas.sk\\\/en\\\/\"},{\"@type\":\"ListItem\",\"position\":2,\"name\":\"Contact\"}]},{\"@type\":\"WebSite\",\"@id\":\"https:\\\/\\\/www.ohsas.sk\\\/#website\",\"url\":\"https:\\\/\\\/www.ohsas.sk\\\/\",\"name\":\"OHSAS\",\"description\":\"\u201eBOZP a po\u017eiarna ochrana \u2013 \u0161kolenia, rev\u00edzie a poradenstvo pre firmy\u201c\",\"potentialAction\":[{\"@type\":\"SearchAction\",\"target\":{\"@type\":\"EntryPoint\",\"urlTemplate\":\"https:\\\/\\\/www.ohsas.sk\\\/?s={search_term_string}\"},\"query-input\":{\"@type\":\"PropertyValueSpecification\",\"valueRequired\":true,\"valueName\":\"search_term_string\"}}],\"inLanguage\":\"en-US\"}]}<\/script>\n<!-- \/ Yoast SEO plugin. -->","yoast_head_json":{"title":"Contact - OHSAS","robots":{"index":"index","follow":"follow","max-snippet":"max-snippet:-1","max-image-preview":"max-image-preview:large","max-video-preview":"max-video-preview:-1"},"canonical":"https:\/\/www.ohsas.sk\/en\/contact\/","og_locale":"en_US","og_type":"article","og_title":"Contact - OHSAS","og_description":"Don't hesitate to contact us today! Please fill out the following form and send it to us.","og_url":"https:\/\/www.ohsas.sk\/en\/contact\/","og_site_name":"OHSAS","article_publisher":"https:\/\/www.facebook.com\/OHSAS-Ing-Lenka-P%c3%a9nze%c5%a1ov%c3%a1-%c5%a0vecov%c3%a1-516506368427752\/","article_modified_time":"2024-05-29T06:11:56+00:00","twitter_card":"summary_large_image","twitter_misc":{"Est. reading time":"1 minute"},"schema":{"@context":"https:\/\/schema.org","@graph":[{"@type":"WebPage","@id":"https:\/\/www.ohsas.sk\/en\/contact\/","url":"https:\/\/www.ohsas.sk\/en\/contact\/","name":"Contact - OHSAS","isPartOf":{"@id":"https:\/\/www.ohsas.sk\/#website"},"datePublished":"2017-07-11T14:34:11+00:00","dateModified":"2024-05-29T06:11:56+00:00","breadcrumb":{"@id":"https:\/\/www.ohsas.sk\/en\/contact\/#breadcrumb"},"inLanguage":"en-US","potentialAction":[{"@type":"ReadAction","target":["https:\/\/www.ohsas.sk\/en\/contact\/"]}]},{"@type":"BreadcrumbList","@id":"https:\/\/www.ohsas.sk\/en\/contact\/#breadcrumb","itemListElement":[{"@type":"ListItem","position":1,"name":"home","item":"https:\/\/www.ohsas.sk\/en\/"},{"@type":"ListItem","position":2,"name":"Contact"}]},{"@type":"WebSite","@id":"https:\/\/www.ohsas.sk\/#website","url":"https:\/\/www.ohsas.sk\/","name":"OHSAS","description":"\u201eBOZP a po\u017eiarna ochrana \u2013 \u0161kolenia, rev\u00edzie a poradenstvo pre firmy\u201c","potentialAction":[{"@type":"SearchAction","target":{"@type":"EntryPoint","urlTemplate":"https:\/\/www.ohsas.sk\/?s={search_term_string}"},"query-input":{"@type":"PropertyValueSpecification","valueRequired":true,"valueName":"search_term_string"}}],"inLanguage":"en-US"}]}},"_links":{"self":[{"href":"https:\/\/www.ohsas.sk\/en\/wp-json\/wp\/v2\/pages\/3179","targetHints":{"allow":["GET"]}}],"collection":[{"href":"https:\/\/www.ohsas.sk\/en\/wp-json\/wp\/v2\/pages"}],"about":[{"href":"https:\/\/www.ohsas.sk\/en\/wp-json\/wp\/v2\/types\/page"}],"author":[{"embeddable":true,"href":"https:\/\/www.ohsas.sk\/en\/wp-json\/wp\/v2\/users\/2"}],"replies":[{"embeddable":true,"href":"https:\/\/www.ohsas.sk\/en\/wp-json\/wp\/v2\/comments?post=3179"}],"version-history":[{"count":4,"href":"https:\/\/www.ohsas.sk\/en\/wp-json\/wp\/v2\/pages\/3179\/revisions"}],"predecessor-version":[{"id":4006,"href":"https:\/\/www.ohsas.sk\/en\/wp-json\/wp\/v2\/pages\/3179\/revisions\/4006"}],"wp:attachment":[{"href":"https:\/\/www.ohsas.sk\/en\/wp-json\/wp\/v2\/media?parent=3179"}],"curies":[{"name":"wp","href":"https:\/\/api.w.org\/{rel}","templated":true}]}}