{"id":3889,"date":"2023-01-06T22:48:29","date_gmt":"2023-01-06T21:48:29","guid":{"rendered":"https:\/\/www.ohsas.sk\/services\/poziarna-bezpecnost-stavby\/"},"modified":"2024-05-24T09:19:26","modified_gmt":"2024-05-24T07:19:26","slug":"poziarna-bezpecnost-stavby","status":"publish","type":"page","link":"https:\/\/www.ohsas.sk\/en\/services\/poziarna-bezpecnost-stavby\/","title":{"rendered":"Fire safety of buildings"},"content":{"rendered":"<h2>Are you dealing with the construction of a building, reconstruction of a building or change of use of a building?<\/h2>\n<p>In that case, the project documentation for the construction procedure also includes<\/p>\n<p>Fire safety design of the building.<\/p>\n<p style=\"text-align: left;\">Our company has a professionally qualified people<\/p>\n<p style=\"text-align: left;\"><strong>Fire Protection Specialist, through whom we carry out the following duties:<\/strong><\/p>\n<ul>\n<li style=\"text-align: left;\">elaboration of fire safety solutions in the project documentation of buildings,<\/li>\n<li>carrying out conformity assessment or product certification activities,<\/li>\n<li>addressing fire safety requirements in the development and use of new products,<\/li>\n<li>fire safety solutions for the placement of technological equipment and fire safety solutions for products that are not designated products established for conformity assessment on conformity assessment of the product, making the designated product available on the market and on amendment and supplementation of certain laws and assessment of materials and conditions for their safe use from the point of view of fire safety,<\/li>\n<li>processing of fire hazard analysis in the premises of a legal entity and a natural person-entrepreneur.<\/li>\n<\/ul>\n<p><strong>Furthermore, our company will provide you with:<\/strong><\/p>\n<p><img decoding=\"async\" class=\"alignnone wp-image-396 alignright\" src=\"https:\/\/www.ohsas.sk\/wp-content\/uploads\/2017\/07\/fire-fighter-1825654_640.jpg\" alt=\"rev\u00edzie hasiacich pr\u00edstrojov a hydrantov rev\u00ed\" width=\"191\" height=\"191\" srcset=\"https:\/\/www.ohsas.sk\/wp-content\/uploads\/2017\/07\/fire-fighter-1825654_640.jpg 640w, https:\/\/www.ohsas.sk\/wp-content\/uploads\/2017\/07\/fire-fighter-1825654_640-150x150.jpg 150w, https:\/\/www.ohsas.sk\/wp-content\/uploads\/2017\/07\/fire-fighter-1825654_640-300x300.jpg 300w\" sizes=\"(max-width: 191px) 100vw, 191px\" \/><\/p>\n<ul>\n<li>inspection, delivery and execution of transitions and coatings on site,<\/li>\n<li>inspection, supply and revision of portable fire extinguishers and hose devices, hydrants, etc.,<\/li>\n<li>supply, inspection of fire shutters, fire shutters, smoke screens, etc.,<\/li>\n<li>emergency lighting controls,<\/li>\n<li>projections, deliveries and inspections EPS, HSP, SHZ, ZODT.<\/li>\n<\/ul>\n<p>&nbsp;<\/p>\n<h4><em><strong>Please do not hesitate to contact us for more information or to process a quotation.<\/strong><\/em><\/h4>\n","protected":false},"excerpt":{"rendered":"<p>Are you dealing with the construction of a building, reconstruction of a building or change of use of a building? In that case, the project documentation for the construction procedure also includes Fire safety design of the building. Our company has a professionally qualified people Fire Protection Specialist, through whom we carry out the following [&hellip;]<\/p>\n","protected":false},"author":5,"featured_media":0,"parent":3173,"menu_order":3,"comment_status":"closed","ping_status":"closed","template":"","meta":{"_acf_changed":false,"inline_featured_image":false,"footnotes":""},"class_list":["post-3889","page","type-page","status-publish","hentry"],"acf":[],"yoast_head":"<!-- This site is optimized with the Yoast SEO plugin v27.4 - https:\/\/yoast.com\/product\/yoast-seo-wordpress\/ -->\n<title>Fire safety of buildings - OHSAS<\/title>\n<meta name=\"description\" content=\"\u0161pecialista po\u017eiarnej ochrany, protipo\u017eiarny projekt budovy, projektov\u00e1 dokument\u00e1cia a bezpe\u010dnos\u0165 stavby, rie\u0161enie pri v\u00fdstavbe, rekon\u0161trukcii\" \/>\n<meta name=\"robots\" content=\"index, follow, max-snippet:-1, max-image-preview:large, max-video-preview:-1\" \/>\n<link rel=\"canonical\" href=\"https:\/\/www.ohsas.sk\/en\/services\/poziarna-bezpecnost-stavby\/\" \/>\n<meta property=\"og:locale\" content=\"en_US\" \/>\n<meta property=\"og:type\" content=\"article\" \/>\n<meta property=\"og:title\" content=\"Fire safety of buildings - OHSAS\" \/>\n<meta property=\"og:description\" content=\"\u0161pecialista po\u017eiarnej ochrany, protipo\u017eiarny projekt budovy, projektov\u00e1 dokument\u00e1cia a bezpe\u010dnos\u0165 stavby, rie\u0161enie pri v\u00fdstavbe, rekon\u0161trukcii\" \/>\n<meta property=\"og:url\" content=\"https:\/\/www.ohsas.sk\/en\/services\/poziarna-bezpecnost-stavby\/\" \/>\n<meta property=\"og:site_name\" content=\"OHSAS\" \/>\n<meta property=\"article:publisher\" content=\"https:\/\/www.facebook.com\/OHSAS-Ing-Lenka-P%c3%a9nze%c5%a1ov%c3%a1-%c5%a0vecov%c3%a1-516506368427752\/\" \/>\n<meta property=\"article:modified_time\" content=\"2024-05-24T07:19:26+00:00\" \/>\n<meta property=\"og:image\" content=\"https:\/\/www.ohsas.sk\/wp-content\/uploads\/2023\/01\/design-and-consultation-500x500-1.webp\" \/>\n\t<meta property=\"og:image:width\" content=\"500\" \/>\n\t<meta property=\"og:image:height\" content=\"500\" \/>\n\t<meta property=\"og:image:type\" content=\"image\/webp\" \/>\n<meta name=\"twitter:card\" content=\"summary_large_image\" \/>\n<meta name=\"twitter:label1\" content=\"Est. reading time\" \/>\n\t<meta name=\"twitter:data1\" content=\"2 minutes\" \/>\n<script type=\"application\/ld+json\" class=\"yoast-schema-graph\">{\"@context\":\"https:\\\/\\\/schema.org\",\"@graph\":[{\"@type\":\"WebPage\",\"@id\":\"https:\\\/\\\/www.ohsas.sk\\\/en\\\/services\\\/poziarna-bezpecnost-stavby\\\/\",\"url\":\"https:\\\/\\\/www.ohsas.sk\\\/en\\\/services\\\/poziarna-bezpecnost-stavby\\\/\",\"name\":\"Fire safety of buildings - OHSAS\",\"isPartOf\":{\"@id\":\"https:\\\/\\\/www.ohsas.sk\\\/#website\"},\"primaryImageOfPage\":{\"@id\":\"https:\\\/\\\/www.ohsas.sk\\\/en\\\/services\\\/poziarna-bezpecnost-stavby\\\/#primaryimage\"},\"image\":{\"@id\":\"https:\\\/\\\/www.ohsas.sk\\\/en\\\/services\\\/poziarna-bezpecnost-stavby\\\/#primaryimage\"},\"thumbnailUrl\":\"https:\\\/\\\/www.ohsas.sk\\\/wp-content\\\/uploads\\\/2017\\\/07\\\/fire-fighter-1825654_640.jpg\",\"datePublished\":\"2023-01-06T21:48:29+00:00\",\"dateModified\":\"2024-05-24T07:19:26+00:00\",\"description\":\"\u0161pecialista po\u017eiarnej ochrany, protipo\u017eiarny projekt budovy, projektov\u00e1 dokument\u00e1cia a bezpe\u010dnos\u0165 stavby, rie\u0161enie pri v\u00fdstavbe, rekon\u0161trukcii\",\"breadcrumb\":{\"@id\":\"https:\\\/\\\/www.ohsas.sk\\\/en\\\/services\\\/poziarna-bezpecnost-stavby\\\/#breadcrumb\"},\"inLanguage\":\"en-US\",\"potentialAction\":[{\"@type\":\"ReadAction\",\"target\":[\"https:\\\/\\\/www.ohsas.sk\\\/en\\\/services\\\/poziarna-bezpecnost-stavby\\\/\"]}]},{\"@type\":\"ImageObject\",\"inLanguage\":\"en-US\",\"@id\":\"https:\\\/\\\/www.ohsas.sk\\\/en\\\/services\\\/poziarna-bezpecnost-stavby\\\/#primaryimage\",\"url\":\"https:\\\/\\\/www.ohsas.sk\\\/wp-content\\\/uploads\\\/2017\\\/07\\\/fire-fighter-1825654_640.jpg\",\"contentUrl\":\"https:\\\/\\\/www.ohsas.sk\\\/wp-content\\\/uploads\\\/2017\\\/07\\\/fire-fighter-1825654_640.jpg\"},{\"@type\":\"BreadcrumbList\",\"@id\":\"https:\\\/\\\/www.ohsas.sk\\\/en\\\/services\\\/poziarna-bezpecnost-stavby\\\/#breadcrumb\",\"itemListElement\":[{\"@type\":\"ListItem\",\"position\":1,\"name\":\"home\",\"item\":\"https:\\\/\\\/www.ohsas.sk\\\/en\\\/\"},{\"@type\":\"ListItem\",\"position\":2,\"name\":\"Services\",\"item\":\"https:\\\/\\\/www.ohsas.sk\\\/en\\\/services\\\/\"},{\"@type\":\"ListItem\",\"position\":3,\"name\":\"Fire safety of buildings\"}]},{\"@type\":\"WebSite\",\"@id\":\"https:\\\/\\\/www.ohsas.sk\\\/#website\",\"url\":\"https:\\\/\\\/www.ohsas.sk\\\/\",\"name\":\"OHSAS\",\"description\":\"\u201eBOZP a po\u017eiarna ochrana \u2013 \u0161kolenia, rev\u00edzie a poradenstvo pre firmy\u201c\",\"potentialAction\":[{\"@type\":\"SearchAction\",\"target\":{\"@type\":\"EntryPoint\",\"urlTemplate\":\"https:\\\/\\\/www.ohsas.sk\\\/?s={search_term_string}\"},\"query-input\":{\"@type\":\"PropertyValueSpecification\",\"valueRequired\":true,\"valueName\":\"search_term_string\"}}],\"inLanguage\":\"en-US\"}]}<\/script>\n<!-- \/ Yoast SEO plugin. -->","yoast_head_json":{"title":"Fire safety of buildings - OHSAS","description":"\u0161pecialista po\u017eiarnej ochrany, protipo\u017eiarny projekt budovy, projektov\u00e1 dokument\u00e1cia a bezpe\u010dnos\u0165 stavby, rie\u0161enie pri v\u00fdstavbe, rekon\u0161trukcii","robots":{"index":"index","follow":"follow","max-snippet":"max-snippet:-1","max-image-preview":"max-image-preview:large","max-video-preview":"max-video-preview:-1"},"canonical":"https:\/\/www.ohsas.sk\/en\/services\/poziarna-bezpecnost-stavby\/","og_locale":"en_US","og_type":"article","og_title":"Fire safety of buildings - OHSAS","og_description":"\u0161pecialista po\u017eiarnej ochrany, protipo\u017eiarny projekt budovy, projektov\u00e1 dokument\u00e1cia a bezpe\u010dnos\u0165 stavby, rie\u0161enie pri v\u00fdstavbe, rekon\u0161trukcii","og_url":"https:\/\/www.ohsas.sk\/en\/services\/poziarna-bezpecnost-stavby\/","og_site_name":"OHSAS","article_publisher":"https:\/\/www.facebook.com\/OHSAS-Ing-Lenka-P%c3%a9nze%c5%a1ov%c3%a1-%c5%a0vecov%c3%a1-516506368427752\/","article_modified_time":"2024-05-24T07:19:26+00:00","og_image":[{"width":500,"height":500,"url":"https:\/\/www.ohsas.sk\/wp-content\/uploads\/2023\/01\/design-and-consultation-500x500-1.webp","type":"image\/webp"}],"twitter_card":"summary_large_image","twitter_misc":{"Est. reading time":"2 minutes"},"schema":{"@context":"https:\/\/schema.org","@graph":[{"@type":"WebPage","@id":"https:\/\/www.ohsas.sk\/en\/services\/poziarna-bezpecnost-stavby\/","url":"https:\/\/www.ohsas.sk\/en\/services\/poziarna-bezpecnost-stavby\/","name":"Fire safety of buildings - OHSAS","isPartOf":{"@id":"https:\/\/www.ohsas.sk\/#website"},"primaryImageOfPage":{"@id":"https:\/\/www.ohsas.sk\/en\/services\/poziarna-bezpecnost-stavby\/#primaryimage"},"image":{"@id":"https:\/\/www.ohsas.sk\/en\/services\/poziarna-bezpecnost-stavby\/#primaryimage"},"thumbnailUrl":"https:\/\/www.ohsas.sk\/wp-content\/uploads\/2017\/07\/fire-fighter-1825654_640.jpg","datePublished":"2023-01-06T21:48:29+00:00","dateModified":"2024-05-24T07:19:26+00:00","description":"\u0161pecialista po\u017eiarnej ochrany, protipo\u017eiarny projekt budovy, projektov\u00e1 dokument\u00e1cia a bezpe\u010dnos\u0165 stavby, rie\u0161enie pri v\u00fdstavbe, rekon\u0161trukcii","breadcrumb":{"@id":"https:\/\/www.ohsas.sk\/en\/services\/poziarna-bezpecnost-stavby\/#breadcrumb"},"inLanguage":"en-US","potentialAction":[{"@type":"ReadAction","target":["https:\/\/www.ohsas.sk\/en\/services\/poziarna-bezpecnost-stavby\/"]}]},{"@type":"ImageObject","inLanguage":"en-US","@id":"https:\/\/www.ohsas.sk\/en\/services\/poziarna-bezpecnost-stavby\/#primaryimage","url":"https:\/\/www.ohsas.sk\/wp-content\/uploads\/2017\/07\/fire-fighter-1825654_640.jpg","contentUrl":"https:\/\/www.ohsas.sk\/wp-content\/uploads\/2017\/07\/fire-fighter-1825654_640.jpg"},{"@type":"BreadcrumbList","@id":"https:\/\/www.ohsas.sk\/en\/services\/poziarna-bezpecnost-stavby\/#breadcrumb","itemListElement":[{"@type":"ListItem","position":1,"name":"home","item":"https:\/\/www.ohsas.sk\/en\/"},{"@type":"ListItem","position":2,"name":"Services","item":"https:\/\/www.ohsas.sk\/en\/services\/"},{"@type":"ListItem","position":3,"name":"Fire safety of buildings"}]},{"@type":"WebSite","@id":"https:\/\/www.ohsas.sk\/#website","url":"https:\/\/www.ohsas.sk\/","name":"OHSAS","description":"\u201eBOZP a po\u017eiarna ochrana \u2013 \u0161kolenia, rev\u00edzie a poradenstvo pre firmy\u201c","potentialAction":[{"@type":"SearchAction","target":{"@type":"EntryPoint","urlTemplate":"https:\/\/www.ohsas.sk\/?s={search_term_string}"},"query-input":{"@type":"PropertyValueSpecification","valueRequired":true,"valueName":"search_term_string"}}],"inLanguage":"en-US"}]}},"_links":{"self":[{"href":"https:\/\/www.ohsas.sk\/en\/wp-json\/wp\/v2\/pages\/3889","targetHints":{"allow":["GET"]}}],"collection":[{"href":"https:\/\/www.ohsas.sk\/en\/wp-json\/wp\/v2\/pages"}],"about":[{"href":"https:\/\/www.ohsas.sk\/en\/wp-json\/wp\/v2\/types\/page"}],"author":[{"embeddable":true,"href":"https:\/\/www.ohsas.sk\/en\/wp-json\/wp\/v2\/users\/5"}],"replies":[{"embeddable":true,"href":"https:\/\/www.ohsas.sk\/en\/wp-json\/wp\/v2\/comments?post=3889"}],"version-history":[{"count":2,"href":"https:\/\/www.ohsas.sk\/en\/wp-json\/wp\/v2\/pages\/3889\/revisions"}],"predecessor-version":[{"id":3948,"href":"https:\/\/www.ohsas.sk\/en\/wp-json\/wp\/v2\/pages\/3889\/revisions\/3948"}],"up":[{"embeddable":true,"href":"https:\/\/www.ohsas.sk\/en\/wp-json\/wp\/v2\/pages\/3173"}],"wp:attachment":[{"href":"https:\/\/www.ohsas.sk\/en\/wp-json\/wp\/v2\/media?parent=3889"}],"curies":[{"name":"wp","href":"https:\/\/api.w.org\/{rel}","templated":true}]}}