{"id":3893,"date":"2017-07-11T16:33:11","date_gmt":"2017-07-11T14:33:11","guid":{"rendered":"https:\/\/www.ohsas.sk\/elearning-2\/"},"modified":"2024-05-24T09:51:26","modified_gmt":"2024-05-24T07:51:26","slug":"elearning-2","status":"publish","type":"page","link":"https:\/\/www.ohsas.sk\/en\/courses\/elearning-2\/","title":{"rendered":"E-learning"},"content":{"rendered":"<div>\n<p>E-learning is anywhere, anytime learning delivered over the internet. Unlike traditional education methods, e-learning allows students and staff to participate in an organized learning experience regardless of their physical location. All you need is a computer, tablet or mobile and an internet connection.<\/p>\n<figure class=\"embed-responsive embed-responsive-16by9\"><iframe title=\"demo E-learning\" width=\"500\" height=\"281\" src=\"https:\/\/www.youtube.com\/embed\/d-4gLg1wwA8?feature=oembed\" frameborder=\"0\" allow=\"accelerometer; autoplay; clipboard-write; encrypted-media; gyroscope; picture-in-picture; web-share\" referrerpolicy=\"strict-origin-when-cross-origin\" allowfullscreen><\/iframe><\/figure>\n<p><img decoding=\"async\" class=\"wp-image-2159 aligncenter\" src=\"https:\/\/www.ohsas.sk\/wp-content\/uploads\/2022\/11\/image004.png\" alt=\"\" width=\"390\" height=\"975\" srcset=\"https:\/\/www.ohsas.sk\/wp-content\/uploads\/2022\/11\/image004.png 800w, https:\/\/www.ohsas.sk\/wp-content\/uploads\/2022\/11\/image004-120x300.png 120w, https:\/\/www.ohsas.sk\/wp-content\/uploads\/2022\/11\/image004-410x1024.png 410w, https:\/\/www.ohsas.sk\/wp-content\/uploads\/2022\/11\/image004-768x1920.png 768w, https:\/\/www.ohsas.sk\/wp-content\/uploads\/2022\/11\/image004-614x1536.png 614w\" sizes=\"(max-width: 390px) 100vw, 390px\" \/><\/p>\n<ul>\n<li>Occupational health and safety at work<\/li>\n<li>OPP- fire protection<\/li>\n<li>Work at height and above free depth<\/li>\n<li>Training of drivers of official vehicles<\/li>\n<li>Instructed person without electrical training \u00a720<\/li>\n<li>Handling of chemicals<\/li>\n<li>Operation of agricultural equipment &#8211; brush cutters, trimmers, sprayers, mowers<\/li>\n<li>Diisocyanates &#8211; general , intermediate, advanced training<\/li>\n<\/ul>\n<\/div>\n<p><span style=\"color: #ff6600;\"><strong>Contact us:<\/strong><\/span><\/p>\n\n<div class=\"wpcf7 no-js\" id=\"wpcf7-f2164-o1\" lang=\"sk-SK\" dir=\"ltr\" data-wpcf7-id=\"2164\">\n<div class=\"screen-reader-response\"><p role=\"status\" aria-live=\"polite\" aria-atomic=\"true\"><\/p> <ul><\/ul><\/div>\n<form action=\"\/en\/wp-json\/wp\/v2\/pages\/3893#wpcf7-f2164-o1\" method=\"post\" class=\"wpcf7-form init\" aria-label=\"Kontaktn\u00fd formul\u00e1r\" novalidate=\"novalidate\" data-status=\"init\">\n<fieldset class=\"hidden-fields-container\"><input type=\"hidden\" name=\"_wpcf7\" value=\"2164\" \/><input type=\"hidden\" name=\"_wpcf7_version\" value=\"6.1.5\" \/><input type=\"hidden\" name=\"_wpcf7_locale\" value=\"sk_SK\" \/><input type=\"hidden\" name=\"_wpcf7_unit_tag\" value=\"wpcf7-f2164-o1\" \/><input type=\"hidden\" name=\"_wpcf7_container_post\" value=\"0\" \/><input type=\"hidden\" name=\"_wpcf7_posted_data_hash\" value=\"\" \/><input type=\"hidden\" name=\"_wpcf7_recaptcha_response\" value=\"\" \/>\n<\/fieldset>\n<div class=\"row\">\n\t<div class=\"col-md-12\">\n\t\t<div class=\"field\">\n\t\t\t<label for=\"your-name\">Meno a priezvisko <span class=\"req\">*<\/span><\/label>\n\t\t\t<div class=\"form-group your-name\"><input class=\"wpcf7-form-control wpcf7-text wpcf7-validates-as-required form-control required form-control\" name=\"your-name\" type=\"text\" value=\"\" aria-invalid=\"false\" aria-required=\"true\" required><\/div>\n\t\t<\/div>\n\t<\/div>\n\n\t<div class=\"col-md-12\">\n\t\t<div class=\"field\">\n\t\t\t<label for=\"your-email\">E-mail <span class=\"req\">*<\/span><\/label>\n\t\t\t<div class=\"form-group your-email\"><input class=\"wpcf7-form-control wpcf7-email wpcf7-validates-as-required wpcf7-text wpcf7-validates-as-email required form-control\" name=\"your-email\" type=\"email\" value=\"\" aria-invalid=\"false\" aria-required=\"true\" required><\/div>\n\t\t<\/div>\n\t<\/div>\n\n\t<div class=\"col-md-12\">\n\t\t<div class=\"field\">\n\t\t\t<label for=\"your-phone\">Telef\u00f3n <span class=\"req\">*<\/span><\/label>\n\t\t\t<div class=\"form-group your-phone\"><input class=\"wpcf7-form-control wpcf7-text wpcf7-validates-as-required form-control form-control\" name=\"your-phone\" type=\"text\" value=\"\" aria-invalid=\"false\" aria-required=\"true\" required><\/div>\n\t\t<\/div>\n\t<\/div>\n\n\t<div class=\"col-md-12\">\n\t\t<div class=\"field\">\n\t\t\t<label for=\"message\">Spr\u00e1va <span class=\"req\">*<\/span><\/label>\n\t\t\t<div class=\"form-group your-message\"><textarea class=\"wpcf7-form-control wpcf7-textarea wpcf7-validates-as-required form-control required form-control\" name=\"your-message\" rows=\"4\" aria-invalid=\"false\" aria-required=\"true\" required><\/textarea><\/div>\n\t\t<\/div>\n\t<\/div>\n\t<div class=\"col-lg-12\">\n\t\t<div class=\"field\"><div class=\"form-group wpcf7-form-control wpcf7-acceptance acceptance\"><div class=\"checkbox wpcf7-form-control wpcf7-acceptance acceptance\"><label ><input name=\"acceptance\" type=\"checkbox\" value=\"1\" aria-invalid=\"false\">S\u00fahlas\u00edm so <a href=\"\/gdpr\/\">spracovan\u00edm osobn\u00fdch \u00fadajov<\/a> <strong>*<\/strong><\/label><\/div><\/div><\/div>\n\t<\/div>\n<\/div>\n\n<div class=\"wpcf7-response-output alert alert-warning\"><\/div>\n\n<div class=\"form-group\"><div><input class=\"wpcf7-form-control wpcf7-submit btn btn-primary btn btn-primary\" type=\"submit\" value=\"Odosla\u0165 spr\u00e1vu\"><\/div><\/div><p style=\"display: none !important;\" class=\"akismet-fields-container\" data-prefix=\"_wpcf7_ak_\"><label>&#916;<textarea name=\"_wpcf7_ak_hp_textarea\" cols=\"45\" rows=\"8\" maxlength=\"100\"><\/textarea><\/label><input type=\"hidden\" id=\"ak_js_1\" name=\"_wpcf7_ak_js\" value=\"173\"\/><script type=\"text\/javascript\">\n\/* <![CDATA[ *\/\ndocument.getElementById( \"ak_js_1\" ).setAttribute( \"value\", ( new Date() ).getTime() );\n\/* ]]> *\/\n<\/script>\n<\/p>\n<\/form>\n<\/div>\n\n<p>&nbsp;<\/p>\n<p style=\"text-align: center;\">We are a Gold Partner<\/p>\n<p style=\"text-align: center;\">for the company\u00a0<a href=\"https:\/\/www.empiresystems.sk\/produkt\/safetic-lms\/\"><strong> EMPIRE SYSTEMS, s.r.o.<\/strong><\/a> in E-learning education.<\/p>\n<p><img decoding=\"async\" class=\"size-full wp-image-2525 aligncenter\" src=\"https:\/\/www.ohsas.sk\/wp-content\/uploads\/2023\/04\/safetic.png\" alt=\"\" width=\"500\" height=\"150\" srcset=\"https:\/\/www.ohsas.sk\/wp-content\/uploads\/2023\/04\/safetic.png 500w, https:\/\/www.ohsas.sk\/wp-content\/uploads\/2023\/04\/safetic-300x90.png 300w\" sizes=\"(max-width: 500px) 100vw, 500px\" \/><\/p>\n","protected":false},"excerpt":{"rendered":"<p>E-learning is anywhere, anytime learning delivered over the internet. Unlike traditional education methods, e-learning allows students and staff to participate in an organized learning experience regardless of their physical location. All you need is a computer, tablet or mobile and an internet connection. Occupational health and safety at work OPP- fire protection Work at height [&hellip;]<\/p>\n","protected":false},"author":2,"featured_media":3101,"parent":3175,"menu_order":1,"comment_status":"closed","ping_status":"closed","template":"","meta":{"_acf_changed":false,"inline_featured_image":false,"footnotes":""},"class_list":["post-3893","page","type-page","status-publish","has-post-thumbnail","hentry"],"acf":[],"yoast_head":"<!-- This site is optimized with the Yoast SEO plugin v27.4 - https:\/\/yoast.com\/product\/yoast-seo-wordpress\/ -->\n<title>E-learning - OHSAS<\/title>\n<meta name=\"description\" content=\"E-learning je v\u00fdu\u010dba cez internet na dia\u013eku, kedyko\u013evek a odkia\u013eko\u013evek cez tablet, mobil, PC.\" \/>\n<meta name=\"robots\" content=\"index, follow, max-snippet:-1, max-image-preview:large, max-video-preview:-1\" \/>\n<link rel=\"canonical\" href=\"https:\/\/www.ohsas.sk\/en\/elearning-2\/\" \/>\n<meta property=\"og:locale\" content=\"en_US\" \/>\n<meta property=\"og:type\" content=\"article\" \/>\n<meta property=\"og:title\" content=\"E-learning - OHSAS\" \/>\n<meta property=\"og:description\" content=\"E-learning je v\u00fdu\u010dba cez internet na dia\u013eku, kedyko\u013evek a odkia\u013eko\u013evek cez tablet, mobil, PC.\" \/>\n<meta property=\"og:url\" content=\"https:\/\/www.ohsas.sk\/en\/elearning-2\/\" \/>\n<meta property=\"og:site_name\" content=\"OHSAS\" \/>\n<meta property=\"article:publisher\" content=\"https:\/\/www.facebook.com\/OHSAS-Ing-Lenka-P%c3%a9nze%c5%a1ov%c3%a1-%c5%a0vecov%c3%a1-516506368427752\/\" \/>\n<meta property=\"article:modified_time\" content=\"2024-05-24T07:51:26+00:00\" \/>\n<meta property=\"og:image\" content=\"https:\/\/www.ohsas.sk\/wp-content\/uploads\/2022\/11\/image005.jpg\" \/>\n\t<meta property=\"og:image:width\" content=\"1920\" \/>\n\t<meta property=\"og:image:height\" content=\"1277\" \/>\n\t<meta property=\"og:image:type\" content=\"image\/jpeg\" \/>\n<meta name=\"twitter:card\" content=\"summary_large_image\" \/>\n<meta name=\"twitter:label1\" content=\"Est. reading time\" \/>\n\t<meta name=\"twitter:data1\" content=\"2 minutes\" \/>\n<script type=\"application\/ld+json\" class=\"yoast-schema-graph\">{\"@context\":\"https:\\\/\\\/schema.org\",\"@graph\":[{\"@type\":\"WebPage\",\"@id\":\"https:\\\/\\\/www.ohsas.sk\\\/en\\\/elearning-2\\\/\",\"url\":\"https:\\\/\\\/www.ohsas.sk\\\/en\\\/elearning-2\\\/\",\"name\":\"E-learning - OHSAS\",\"isPartOf\":{\"@id\":\"https:\\\/\\\/www.ohsas.sk\\\/#website\"},\"primaryImageOfPage\":{\"@id\":\"https:\\\/\\\/www.ohsas.sk\\\/en\\\/elearning-2\\\/#primaryimage\"},\"image\":{\"@id\":\"https:\\\/\\\/www.ohsas.sk\\\/en\\\/elearning-2\\\/#primaryimage\"},\"thumbnailUrl\":\"https:\\\/\\\/www.ohsas.sk\\\/wp-content\\\/uploads\\\/2022\\\/11\\\/image005.jpg\",\"datePublished\":\"2017-07-11T14:33:11+00:00\",\"dateModified\":\"2024-05-24T07:51:26+00:00\",\"description\":\"E-learning je v\u00fdu\u010dba cez internet na dia\u013eku, kedyko\u013evek a odkia\u013eko\u013evek cez tablet, mobil, PC.\",\"breadcrumb\":{\"@id\":\"https:\\\/\\\/www.ohsas.sk\\\/en\\\/elearning-2\\\/#breadcrumb\"},\"inLanguage\":\"en-US\",\"potentialAction\":[{\"@type\":\"ReadAction\",\"target\":[\"https:\\\/\\\/www.ohsas.sk\\\/en\\\/elearning-2\\\/\"]}]},{\"@type\":\"ImageObject\",\"inLanguage\":\"en-US\",\"@id\":\"https:\\\/\\\/www.ohsas.sk\\\/en\\\/elearning-2\\\/#primaryimage\",\"url\":\"https:\\\/\\\/www.ohsas.sk\\\/wp-content\\\/uploads\\\/2022\\\/11\\\/image005.jpg\",\"contentUrl\":\"https:\\\/\\\/www.ohsas.sk\\\/wp-content\\\/uploads\\\/2022\\\/11\\\/image005.jpg\",\"width\":1920,\"height\":1277},{\"@type\":\"BreadcrumbList\",\"@id\":\"https:\\\/\\\/www.ohsas.sk\\\/en\\\/elearning-2\\\/#breadcrumb\",\"itemListElement\":[{\"@type\":\"ListItem\",\"position\":1,\"name\":\"home\",\"item\":\"https:\\\/\\\/www.ohsas.sk\\\/en\\\/\"},{\"@type\":\"ListItem\",\"position\":2,\"name\":\"E-learning\"}]},{\"@type\":\"WebSite\",\"@id\":\"https:\\\/\\\/www.ohsas.sk\\\/#website\",\"url\":\"https:\\\/\\\/www.ohsas.sk\\\/\",\"name\":\"OHSAS\",\"description\":\"\u201eBOZP a po\u017eiarna ochrana \u2013 \u0161kolenia, rev\u00edzie a poradenstvo pre firmy\u201c\",\"potentialAction\":[{\"@type\":\"SearchAction\",\"target\":{\"@type\":\"EntryPoint\",\"urlTemplate\":\"https:\\\/\\\/www.ohsas.sk\\\/?s={search_term_string}\"},\"query-input\":{\"@type\":\"PropertyValueSpecification\",\"valueRequired\":true,\"valueName\":\"search_term_string\"}}],\"inLanguage\":\"en-US\"}]}<\/script>\n<!-- \/ Yoast SEO plugin. -->","yoast_head_json":{"title":"E-learning - OHSAS","description":"E-learning je v\u00fdu\u010dba cez internet na dia\u013eku, kedyko\u013evek a odkia\u013eko\u013evek cez tablet, mobil, PC.","robots":{"index":"index","follow":"follow","max-snippet":"max-snippet:-1","max-image-preview":"max-image-preview:large","max-video-preview":"max-video-preview:-1"},"canonical":"https:\/\/www.ohsas.sk\/en\/elearning-2\/","og_locale":"en_US","og_type":"article","og_title":"E-learning - OHSAS","og_description":"E-learning je v\u00fdu\u010dba cez internet na dia\u013eku, kedyko\u013evek a odkia\u013eko\u013evek cez tablet, mobil, PC.","og_url":"https:\/\/www.ohsas.sk\/en\/elearning-2\/","og_site_name":"OHSAS","article_publisher":"https:\/\/www.facebook.com\/OHSAS-Ing-Lenka-P%c3%a9nze%c5%a1ov%c3%a1-%c5%a0vecov%c3%a1-516506368427752\/","article_modified_time":"2024-05-24T07:51:26+00:00","og_image":[{"width":1920,"height":1277,"url":"https:\/\/www.ohsas.sk\/wp-content\/uploads\/2022\/11\/image005.jpg","type":"image\/jpeg"}],"twitter_card":"summary_large_image","twitter_misc":{"Est. reading time":"2 minutes"},"schema":{"@context":"https:\/\/schema.org","@graph":[{"@type":"WebPage","@id":"https:\/\/www.ohsas.sk\/en\/elearning-2\/","url":"https:\/\/www.ohsas.sk\/en\/elearning-2\/","name":"E-learning - OHSAS","isPartOf":{"@id":"https:\/\/www.ohsas.sk\/#website"},"primaryImageOfPage":{"@id":"https:\/\/www.ohsas.sk\/en\/elearning-2\/#primaryimage"},"image":{"@id":"https:\/\/www.ohsas.sk\/en\/elearning-2\/#primaryimage"},"thumbnailUrl":"https:\/\/www.ohsas.sk\/wp-content\/uploads\/2022\/11\/image005.jpg","datePublished":"2017-07-11T14:33:11+00:00","dateModified":"2024-05-24T07:51:26+00:00","description":"E-learning je v\u00fdu\u010dba cez internet na dia\u013eku, kedyko\u013evek a odkia\u013eko\u013evek cez tablet, mobil, PC.","breadcrumb":{"@id":"https:\/\/www.ohsas.sk\/en\/elearning-2\/#breadcrumb"},"inLanguage":"en-US","potentialAction":[{"@type":"ReadAction","target":["https:\/\/www.ohsas.sk\/en\/elearning-2\/"]}]},{"@type":"ImageObject","inLanguage":"en-US","@id":"https:\/\/www.ohsas.sk\/en\/elearning-2\/#primaryimage","url":"https:\/\/www.ohsas.sk\/wp-content\/uploads\/2022\/11\/image005.jpg","contentUrl":"https:\/\/www.ohsas.sk\/wp-content\/uploads\/2022\/11\/image005.jpg","width":1920,"height":1277},{"@type":"BreadcrumbList","@id":"https:\/\/www.ohsas.sk\/en\/elearning-2\/#breadcrumb","itemListElement":[{"@type":"ListItem","position":1,"name":"home","item":"https:\/\/www.ohsas.sk\/en\/"},{"@type":"ListItem","position":2,"name":"E-learning"}]},{"@type":"WebSite","@id":"https:\/\/www.ohsas.sk\/#website","url":"https:\/\/www.ohsas.sk\/","name":"OHSAS","description":"\u201eBOZP a po\u017eiarna ochrana \u2013 \u0161kolenia, rev\u00edzie a poradenstvo pre firmy\u201c","potentialAction":[{"@type":"SearchAction","target":{"@type":"EntryPoint","urlTemplate":"https:\/\/www.ohsas.sk\/?s={search_term_string}"},"query-input":{"@type":"PropertyValueSpecification","valueRequired":true,"valueName":"search_term_string"}}],"inLanguage":"en-US"}]}},"_links":{"self":[{"href":"https:\/\/www.ohsas.sk\/en\/wp-json\/wp\/v2\/pages\/3893","targetHints":{"allow":["GET"]}}],"collection":[{"href":"https:\/\/www.ohsas.sk\/en\/wp-json\/wp\/v2\/pages"}],"about":[{"href":"https:\/\/www.ohsas.sk\/en\/wp-json\/wp\/v2\/types\/page"}],"author":[{"embeddable":true,"href":"https:\/\/www.ohsas.sk\/en\/wp-json\/wp\/v2\/users\/2"}],"replies":[{"embeddable":true,"href":"https:\/\/www.ohsas.sk\/en\/wp-json\/wp\/v2\/comments?post=3893"}],"version-history":[{"count":2,"href":"https:\/\/www.ohsas.sk\/en\/wp-json\/wp\/v2\/pages\/3893\/revisions"}],"predecessor-version":[{"id":3955,"href":"https:\/\/www.ohsas.sk\/en\/wp-json\/wp\/v2\/pages\/3893\/revisions\/3955"}],"up":[{"embeddable":true,"href":"https:\/\/www.ohsas.sk\/en\/wp-json\/wp\/v2\/pages\/3175"}],"wp:featuredmedia":[{"embeddable":true,"href":"https:\/\/www.ohsas.sk\/en\/wp-json\/wp\/v2\/media\/3101"}],"wp:attachment":[{"href":"https:\/\/www.ohsas.sk\/en\/wp-json\/wp\/v2\/media?parent=3893"}],"curies":[{"name":"wp","href":"https:\/\/api.w.org\/{rel}","templated":true}]}}